{"id":10608,"date":"2015-09-05T11:24:04","date_gmt":"2015-09-05T11:24:04","guid":{"rendered":"http:\/\/taxation.digitaladvocacycenter.com\/fr\/inscrivez-vous-pour-recevoir-les-mises-a-jour-par-e-mail-du-centre-de-promotion-numerique\/"},"modified":"2015-09-05T11:24:04","modified_gmt":"2015-09-05T11:24:04","slug":"inscrivez-vous-pour-recevoir-les-mises-a-jour-par-e-mail-du-centre-de-promotion-numerique","status":"publish","type":"page","link":"https:\/\/digitaladvocacycenter.com\/fr\/inscrivez-vous-pour-recevoir-les-mises-a-jour-par-e-mail-du-centre-de-promotion-numerique\/","title":{"rendered":"Inscrivez-vous pour recevoir les mises \u00e0 jour par e-mail du centre de promotion num\u00e9rique"},"content":{"rendered":"<p>En tant que membre du groupe de messagerie de la communaut\u00e9 de lutte num\u00e9rique antitabac, vous serez mis en contact avec des militants de cette communaut\u00e9 dans le monde entier ! L&#8217;objectif de notre communaut\u00e9 virtuelle consiste \u00e0 cr\u00e9er un lieu s\u00fbr pour les d\u00e9fenseurs de la lutte antitabac pour promouvoir l&#8217;entraide et le partage des id\u00e9es sur les campagnes num\u00e9riques.<\/p>\n<p><strong>Le groupe de messagerie constitue une excellente ressource pour les nouveaux concepts cr\u00e9atifs, avec la possibilit\u00e9 d&#8217;interroger des confr\u00e8res militants num\u00e9riques ou de partager vos derni\u00e8res victoires de campagnes.<\/strong><\/p>\n<p>Lorsque vous vous inscrivez ci-dessous, vous recevrez \u00e9galement une mise \u00e0 jour hebdomadaire de messages \u00e9lectroniques du centre de promotion num\u00e9rique, qui comprendra le contenu populaire de la lutte antitabac de Facebook et Twitter, des possibilit\u00e9s suppl\u00e9mentaires d&#8217;assistance et d&#8217;appui techniques, ainsi que des formations \u00e0 venir.<strong><\/p>\n<p><\/strong><br \/><\/p>\n","protected":false},"excerpt":{"rendered":"<p>En tant que membre du groupe de messagerie de la communaut\u00e9 de lutte num\u00e9rique antitabac, vous serez mis en contact avec des militants de cette communaut\u00e9 dans le monde entier ! L&#8217;objectif de notre communaut\u00e9 virtuelle consiste \u00e0 cr\u00e9er un lieu s\u00fbr pour les d\u00e9fenseurs de la lutte antitabac pour promouvoir l&#8217;entraide et le partage &hellip; <a href=\"https:\/\/digitaladvocacycenter.com\/fr\/inscrivez-vous-pour-recevoir-les-mises-a-jour-par-e-mail-du-centre-de-promotion-numerique\/\">Continued<\/a><\/p>\n","protected":false},"author":1,"featured_media":0,"parent":0,"menu_order":0,"comment_status":"open","ping_status":"open","template":"template-signup.php","meta":{"_acf_changed":false,"inline_featured_image":false,"footnotes":""},"class_list":["post-10608","page","type-page","status-publish","hentry"],"acf":[],"yoast_head":"<!-- This site is optimized with the Yoast SEO plugin v26.7 - https:\/\/yoast.com\/wordpress\/plugins\/seo\/ -->\n<title>Inscrivez-vous pour recevoir les mises \u00e0 jour par e-mail du centre de promotion num\u00e9rique - Campaign for Tobacco-Free Kids<\/title>\n<meta name=\"robots\" content=\"index, follow, max-snippet:-1, max-image-preview:large, max-video-preview:-1\" \/>\n<link rel=\"canonical\" href=\"https:\/\/digitaladvocacycenter.com\/fr\/inscrivez-vous-pour-recevoir-les-mises-a-jour-par-e-mail-du-centre-de-promotion-numerique\/\" \/>\n<meta property=\"og:locale\" content=\"fr_FR\" \/>\n<meta property=\"og:type\" content=\"article\" \/>\n<meta property=\"og:title\" content=\"Inscrivez-vous pour recevoir les mises \u00e0 jour par e-mail du centre de promotion num\u00e9rique - Campaign for Tobacco-Free Kids\" \/>\n<meta property=\"og:description\" content=\"En tant que membre du groupe de messagerie de la communaut\u00e9 de lutte num\u00e9rique antitabac, vous serez mis en contact avec des militants de cette communaut\u00e9 dans le monde entier ! L&#8217;objectif de notre communaut\u00e9 virtuelle consiste \u00e0 cr\u00e9er un lieu s\u00fbr pour les d\u00e9fenseurs de la lutte antitabac pour promouvoir l&#8217;entraide et le partage &hellip; Continued\" \/>\n<meta property=\"og:url\" content=\"https:\/\/digitaladvocacycenter.com\/fr\/inscrivez-vous-pour-recevoir-les-mises-a-jour-par-e-mail-du-centre-de-promotion-numerique\/\" \/>\n<meta property=\"og:site_name\" content=\"Campaign for Tobacco-Free Kids\" \/>\n<meta name=\"twitter:card\" content=\"summary_large_image\" \/>\n<meta name=\"twitter:label1\" content=\"Est. reading time\" \/>\n\t<meta name=\"twitter:data1\" content=\"1 minute\" \/>\n<script type=\"application\/ld+json\" class=\"yoast-schema-graph\">{\"@context\":\"https:\/\/schema.org\",\"@graph\":[{\"@type\":\"WebPage\",\"@id\":\"https:\/\/digitaladvocacycenter.com\/fr\/inscrivez-vous-pour-recevoir-les-mises-a-jour-par-e-mail-du-centre-de-promotion-numerique\/\",\"url\":\"https:\/\/digitaladvocacycenter.com\/fr\/inscrivez-vous-pour-recevoir-les-mises-a-jour-par-e-mail-du-centre-de-promotion-numerique\/\",\"name\":\"Inscrivez-vous pour recevoir les mises \u00e0 jour par e-mail du centre de promotion num\u00e9rique - Campaign for Tobacco-Free Kids\",\"isPartOf\":{\"@id\":\"https:\/\/digitaladvocacycenter.com\/fr\/#website\"},\"datePublished\":\"2015-09-05T11:24:04+00:00\",\"breadcrumb\":{\"@id\":\"https:\/\/digitaladvocacycenter.com\/fr\/inscrivez-vous-pour-recevoir-les-mises-a-jour-par-e-mail-du-centre-de-promotion-numerique\/#breadcrumb\"},\"inLanguage\":\"fr\",\"potentialAction\":[{\"@type\":\"ReadAction\",\"target\":[\"https:\/\/digitaladvocacycenter.com\/fr\/inscrivez-vous-pour-recevoir-les-mises-a-jour-par-e-mail-du-centre-de-promotion-numerique\/\"]}]},{\"@type\":\"BreadcrumbList\",\"@id\":\"https:\/\/digitaladvocacycenter.com\/fr\/inscrivez-vous-pour-recevoir-les-mises-a-jour-par-e-mail-du-centre-de-promotion-numerique\/#breadcrumb\",\"itemListElement\":[{\"@type\":\"ListItem\",\"position\":1,\"name\":\"Home\",\"item\":\"https:\/\/digitaladvocacycenter.com\/fr\/\"},{\"@type\":\"ListItem\",\"position\":2,\"name\":\"Inscrivez-vous pour recevoir les mises \u00e0 jour par e-mail du centre de promotion num\u00e9rique\"}]},{\"@type\":\"WebSite\",\"@id\":\"https:\/\/digitaladvocacycenter.com\/fr\/#website\",\"url\":\"https:\/\/digitaladvocacycenter.com\/fr\/\",\"name\":\"Campaign for Tobacco-Free Kids\",\"description\":\"Digital Advocacy Center\",\"potentialAction\":[{\"@type\":\"SearchAction\",\"target\":{\"@type\":\"EntryPoint\",\"urlTemplate\":\"https:\/\/digitaladvocacycenter.com\/fr\/?s={search_term_string}\"},\"query-input\":{\"@type\":\"PropertyValueSpecification\",\"valueRequired\":true,\"valueName\":\"search_term_string\"}}],\"inLanguage\":\"fr\"}]}<\/script>\n<!-- \/ Yoast SEO plugin. -->","yoast_head_json":{"title":"Inscrivez-vous pour recevoir les mises \u00e0 jour par e-mail du centre de promotion num\u00e9rique - Campaign for Tobacco-Free Kids","robots":{"index":"index","follow":"follow","max-snippet":"max-snippet:-1","max-image-preview":"max-image-preview:large","max-video-preview":"max-video-preview:-1"},"canonical":"https:\/\/digitaladvocacycenter.com\/fr\/inscrivez-vous-pour-recevoir-les-mises-a-jour-par-e-mail-du-centre-de-promotion-numerique\/","og_locale":"fr_FR","og_type":"article","og_title":"Inscrivez-vous pour recevoir les mises \u00e0 jour par e-mail du centre de promotion num\u00e9rique - Campaign for Tobacco-Free Kids","og_description":"En tant que membre du groupe de messagerie de la communaut\u00e9 de lutte num\u00e9rique antitabac, vous serez mis en contact avec des militants de cette communaut\u00e9 dans le monde entier ! L&#8217;objectif de notre communaut\u00e9 virtuelle consiste \u00e0 cr\u00e9er un lieu s\u00fbr pour les d\u00e9fenseurs de la lutte antitabac pour promouvoir l&#8217;entraide et le partage &hellip; Continued","og_url":"https:\/\/digitaladvocacycenter.com\/fr\/inscrivez-vous-pour-recevoir-les-mises-a-jour-par-e-mail-du-centre-de-promotion-numerique\/","og_site_name":"Campaign for Tobacco-Free Kids","twitter_card":"summary_large_image","twitter_misc":{"Est. reading time":"1 minute"},"schema":{"@context":"https:\/\/schema.org","@graph":[{"@type":"WebPage","@id":"https:\/\/digitaladvocacycenter.com\/fr\/inscrivez-vous-pour-recevoir-les-mises-a-jour-par-e-mail-du-centre-de-promotion-numerique\/","url":"https:\/\/digitaladvocacycenter.com\/fr\/inscrivez-vous-pour-recevoir-les-mises-a-jour-par-e-mail-du-centre-de-promotion-numerique\/","name":"Inscrivez-vous pour recevoir les mises \u00e0 jour par e-mail du centre de promotion num\u00e9rique - Campaign for Tobacco-Free Kids","isPartOf":{"@id":"https:\/\/digitaladvocacycenter.com\/fr\/#website"},"datePublished":"2015-09-05T11:24:04+00:00","breadcrumb":{"@id":"https:\/\/digitaladvocacycenter.com\/fr\/inscrivez-vous-pour-recevoir-les-mises-a-jour-par-e-mail-du-centre-de-promotion-numerique\/#breadcrumb"},"inLanguage":"fr","potentialAction":[{"@type":"ReadAction","target":["https:\/\/digitaladvocacycenter.com\/fr\/inscrivez-vous-pour-recevoir-les-mises-a-jour-par-e-mail-du-centre-de-promotion-numerique\/"]}]},{"@type":"BreadcrumbList","@id":"https:\/\/digitaladvocacycenter.com\/fr\/inscrivez-vous-pour-recevoir-les-mises-a-jour-par-e-mail-du-centre-de-promotion-numerique\/#breadcrumb","itemListElement":[{"@type":"ListItem","position":1,"name":"Home","item":"https:\/\/digitaladvocacycenter.com\/fr\/"},{"@type":"ListItem","position":2,"name":"Inscrivez-vous pour recevoir les mises \u00e0 jour par e-mail du centre de promotion num\u00e9rique"}]},{"@type":"WebSite","@id":"https:\/\/digitaladvocacycenter.com\/fr\/#website","url":"https:\/\/digitaladvocacycenter.com\/fr\/","name":"Campaign for Tobacco-Free Kids","description":"Digital Advocacy Center","potentialAction":[{"@type":"SearchAction","target":{"@type":"EntryPoint","urlTemplate":"https:\/\/digitaladvocacycenter.com\/fr\/?s={search_term_string}"},"query-input":{"@type":"PropertyValueSpecification","valueRequired":true,"valueName":"search_term_string"}}],"inLanguage":"fr"}]}},"toolset-meta":{"sms-fields":{"source":{"type":"textfield","raw":""},"file-upload":{"type":"url","raw":""},"pdf-fallback":{"type":"file","raw":"","attachment_id":null},"test-field":{"type":"textfield","raw":""}},"password-protection":{"password-protected":{"type":"checkbox","raw":""}},"thank-you-message":{"thank-you":{"type":"wysiwyg","raw":""}},"featured-post":{"featured-post":{"type":"checkbox","raw":""}}},"_links":{"self":[{"href":"https:\/\/digitaladvocacycenter.com\/fr\/wp-json\/wp\/v2\/pages\/10608","targetHints":{"allow":["GET"]}}],"collection":[{"href":"https:\/\/digitaladvocacycenter.com\/fr\/wp-json\/wp\/v2\/pages"}],"about":[{"href":"https:\/\/digitaladvocacycenter.com\/fr\/wp-json\/wp\/v2\/types\/page"}],"author":[{"embeddable":true,"href":"https:\/\/digitaladvocacycenter.com\/fr\/wp-json\/wp\/v2\/users\/1"}],"replies":[{"embeddable":true,"href":"https:\/\/digitaladvocacycenter.com\/fr\/wp-json\/wp\/v2\/comments?post=10608"}],"version-history":[{"count":0,"href":"https:\/\/digitaladvocacycenter.com\/fr\/wp-json\/wp\/v2\/pages\/10608\/revisions"}],"wp:attachment":[{"href":"https:\/\/digitaladvocacycenter.com\/fr\/wp-json\/wp\/v2\/media?parent=10608"}],"curies":[{"name":"wp","href":"https:\/\/api.w.org\/{rel}","templated":true}]}}