{"id":10387,"date":"2015-08-29T18:18:19","date_gmt":"2015-08-29T18:18:19","guid":{"rendered":"http:\/\/taxation.digitaladvocacycenter.com\/fr\/formation\/"},"modified":"2015-10-27T15:19:31","modified_gmt":"2015-10-27T15:19:31","slug":"formation","status":"publish","type":"page","link":"https:\/\/digitaladvocacycenter.com\/fr\/formation\/","title":{"rendered":"Formation"},"content":{"rendered":"<p>Le programme de formation en mati\u00e8re de sensibilisation num\u00e9rique apporte des connaissances et un soutien continu pour mener des campagnes num\u00e9riques efficaces.<\/p>\n<p>Nous mettons \u00e0 votre disposition deux axes de formations bas\u00e9es sur les diff\u00e9rents besoins des organismes :<\/p>\n<ul>\n<li><strong>Premier axe, septembre 2015<\/strong>Il s&#8217;agit de l&#8217;axe des d\u00e9butants, destin\u00e9 aux organismes qui entament leur premier programme de sensibilisation num\u00e9rique, ou aux personnes qui souhaitent revoir leur strat\u00e9gie et l&#8217;ensemble de leurs comp\u00e9tences. Il offre un certificat facultatif de l&#8217;ach\u00e8vement du programme.<\/li>\n<li><strong>Deuxi\u00e8me axe, janvier 2016<\/strong>Le deuxi\u00e8me axe est r\u00e9serv\u00e9 aux militants num\u00e9riques plus avanc\u00e9s. Il s&#8217;agit des personnes qui ont men\u00e9 des campagnes des m\u00e9dias sociaux de mani\u00e8re cons\u00e9cutive pendant au moins six mois, et dont les campagnes num\u00e9riques ont permis d&#8217;enregistrer du succ\u00e8s. Pour en savoir plus sur le deuxi\u00e8me axe, cliquez <a href=\"\/?page_id=7362\">ici<\/a>.<\/li>\n<\/ul>\n<p><strong>Formation du premier axe : le lancement de vos campagnes num\u00e9riques<\/strong><\/p>\n<p>\u00c0 partir de septembre 2015<\/p>\n<p>Lorsque toutes les formations et tous stages pratiques du premier axe seront termin\u00e9s, les participants peuvent s&#8217;attendre \u00e0 ce que leur apprentissage ait pu :<\/p>\n<ul>\n<li>cr\u00e9er une strat\u00e9gie des m\u00e9dias sociaux qui vous aide \u00e0 remporter une campagne<\/li>\n<li>lancer une ou des plateformes de m\u00e9dias sociaux<\/li>\n<li>d\u00e9velopper des messages coh\u00e9rents sur les m\u00e9dias sociaux<\/li>\n<li>ma\u00eetriser les ressources du site du centre de sensibilisation num\u00e9rique et poss\u00e9der les comp\u00e9tences qui permettent de trouver rapidement des ressources num\u00e9riques<\/li>\n<li>\u00e9tablir une base de r\u00e9f\u00e9rence des partisans et favoriser un engagement assidu vis-\u00e0-vis de votre campagne<\/li>\n<\/ul>\n<p>Les personnes qui ach\u00e8vent les formations et les stages pratiques du premier axe pourront \u00e9galement b\u00e9n\u00e9ficier des subventions publicitaires de Facebook. Bien qu&#8217;il soit fortement recommand\u00e9 que les participants terminent le programme de certification, des cours seront \u00e9galement disponibles \u00ab \u00e0 la carte \u00bb.<\/p>\n<p><strong>Calendrier de l&#8217;automne 2015<\/strong><\/p>\n<ul>\n<li>S\u00e9ance d&#8217;information : semaine du 14 septembre<\/li>\n<li>Se donner une chance de r\u00e9ussir : semaine du 21 septembre<\/li>\n<li>Plan de campagne : semaine du 5 octobre<\/li>\n<li>Strat\u00e9gie des contenus : semaine du 19 octobre<\/li>\n<li>Facebook 101 : semaine du 2 novembre<\/li>\n<li>Twitter 101 : semaine du 16 novembre<\/li>\n<li>Outils d&#8217;aide pour influencer le processus d&#8217;\u00e9laboration des politiques : semaine du 30 novembre<\/li>\n<li>\u00c9valuation : semaine du 14 d\u00e9cembre<\/li>\n<li>S\u00e9ance individuelle avec un formateur : semaine du 21 d\u00e9cembre<\/li>\n<\/ul>\n<p>L&#8217;inscription au cours du premier axe ouvrira en ao\u00fbt et le programme de formation complet est disponible <a href=\"https:\/\/digitaladvocacycenter.com\/wp-content\/uploads\/DAC-Training-Track-One-Curriculum.pdf\" target=\"_blank\">ici<\/a>. <strong><a href=\"\/?page_id=10608\" target=\"_blank\">Inscrivez-vous \u00e0 notre service d&#8217;e-mails du centre de sensibilisation num\u00e9rique<\/a><\/strong> et restez connect\u00e9s pour obtenir davantage d&#8217;informations sur l&#8217;inscription !<\/p>\n<p>&nbsp;<\/p>\n","protected":false},"excerpt":{"rendered":"<p>Le programme de formation en mati\u00e8re de sensibilisation num\u00e9rique apporte des connaissances et un soutien continu pour mener des campagnes num\u00e9riques efficaces. Nous mettons \u00e0 votre disposition deux axes de formations bas\u00e9es sur les diff\u00e9rents besoins des organismes : Premier axe, septembre 2015Il s&#8217;agit de l&#8217;axe des d\u00e9butants, destin\u00e9 aux organismes qui entament leur premier &hellip; <a href=\"https:\/\/digitaladvocacycenter.com\/fr\/formation\/\">Continued<\/a><\/p>\n","protected":false},"author":7,"featured_media":0,"parent":0,"menu_order":0,"comment_status":"open","ping_status":"open","template":"","meta":{"_acf_changed":false,"inline_featured_image":false,"footnotes":""},"class_list":["post-10387","page","type-page","status-publish","hentry"],"acf":[],"yoast_head":"<!-- This site is optimized with the Yoast SEO plugin v26.7 - https:\/\/yoast.com\/wordpress\/plugins\/seo\/ -->\n<title>Formation - Campaign for Tobacco-Free Kids<\/title>\n<meta name=\"robots\" content=\"index, follow, max-snippet:-1, max-image-preview:large, max-video-preview:-1\" \/>\n<link rel=\"canonical\" href=\"https:\/\/digitaladvocacycenter.com\/fr\/formation\/\" \/>\n<meta property=\"og:locale\" content=\"fr_FR\" \/>\n<meta property=\"og:type\" content=\"article\" \/>\n<meta property=\"og:title\" content=\"Formation - Campaign for Tobacco-Free Kids\" \/>\n<meta property=\"og:description\" content=\"Le programme de formation en mati\u00e8re de sensibilisation num\u00e9rique apporte des connaissances et un soutien continu pour mener des campagnes num\u00e9riques efficaces. Nous mettons \u00e0 votre disposition deux axes de formations bas\u00e9es sur les diff\u00e9rents besoins des organismes : Premier axe, septembre 2015Il s&#8217;agit de l&#8217;axe des d\u00e9butants, destin\u00e9 aux organismes qui entament leur premier &hellip; Continued\" \/>\n<meta property=\"og:url\" content=\"https:\/\/digitaladvocacycenter.com\/fr\/formation\/\" \/>\n<meta property=\"og:site_name\" content=\"Campaign for Tobacco-Free Kids\" \/>\n<meta property=\"article:modified_time\" content=\"2015-10-27T15:19:31+00:00\" \/>\n<meta name=\"twitter:card\" content=\"summary_large_image\" \/>\n<meta name=\"twitter:label1\" content=\"Est. reading time\" \/>\n\t<meta name=\"twitter:data1\" content=\"2 minutes\" \/>\n<script type=\"application\/ld+json\" class=\"yoast-schema-graph\">{\"@context\":\"https:\/\/schema.org\",\"@graph\":[{\"@type\":\"WebPage\",\"@id\":\"https:\/\/digitaladvocacycenter.com\/fr\/formation\/\",\"url\":\"https:\/\/digitaladvocacycenter.com\/fr\/formation\/\",\"name\":\"Formation - Campaign for Tobacco-Free Kids\",\"isPartOf\":{\"@id\":\"https:\/\/digitaladvocacycenter.com\/fr\/#website\"},\"datePublished\":\"2015-08-29T18:18:19+00:00\",\"dateModified\":\"2015-10-27T15:19:31+00:00\",\"breadcrumb\":{\"@id\":\"https:\/\/digitaladvocacycenter.com\/fr\/formation\/#breadcrumb\"},\"inLanguage\":\"fr\",\"potentialAction\":[{\"@type\":\"ReadAction\",\"target\":[\"https:\/\/digitaladvocacycenter.com\/fr\/formation\/\"]}]},{\"@type\":\"BreadcrumbList\",\"@id\":\"https:\/\/digitaladvocacycenter.com\/fr\/formation\/#breadcrumb\",\"itemListElement\":[{\"@type\":\"ListItem\",\"position\":1,\"name\":\"Home\",\"item\":\"https:\/\/digitaladvocacycenter.com\/fr\/\"},{\"@type\":\"ListItem\",\"position\":2,\"name\":\"Formation\"}]},{\"@type\":\"WebSite\",\"@id\":\"https:\/\/digitaladvocacycenter.com\/fr\/#website\",\"url\":\"https:\/\/digitaladvocacycenter.com\/fr\/\",\"name\":\"Campaign for Tobacco-Free Kids\",\"description\":\"Digital Advocacy Center\",\"potentialAction\":[{\"@type\":\"SearchAction\",\"target\":{\"@type\":\"EntryPoint\",\"urlTemplate\":\"https:\/\/digitaladvocacycenter.com\/fr\/?s={search_term_string}\"},\"query-input\":{\"@type\":\"PropertyValueSpecification\",\"valueRequired\":true,\"valueName\":\"search_term_string\"}}],\"inLanguage\":\"fr\"}]}<\/script>\n<!-- \/ Yoast SEO plugin. -->","yoast_head_json":{"title":"Formation - Campaign for Tobacco-Free Kids","robots":{"index":"index","follow":"follow","max-snippet":"max-snippet:-1","max-image-preview":"max-image-preview:large","max-video-preview":"max-video-preview:-1"},"canonical":"https:\/\/digitaladvocacycenter.com\/fr\/formation\/","og_locale":"fr_FR","og_type":"article","og_title":"Formation - Campaign for Tobacco-Free Kids","og_description":"Le programme de formation en mati\u00e8re de sensibilisation num\u00e9rique apporte des connaissances et un soutien continu pour mener des campagnes num\u00e9riques efficaces. Nous mettons \u00e0 votre disposition deux axes de formations bas\u00e9es sur les diff\u00e9rents besoins des organismes : Premier axe, septembre 2015Il s&#8217;agit de l&#8217;axe des d\u00e9butants, destin\u00e9 aux organismes qui entament leur premier &hellip; Continued","og_url":"https:\/\/digitaladvocacycenter.com\/fr\/formation\/","og_site_name":"Campaign for Tobacco-Free Kids","article_modified_time":"2015-10-27T15:19:31+00:00","twitter_card":"summary_large_image","twitter_misc":{"Est. reading time":"2 minutes"},"schema":{"@context":"https:\/\/schema.org","@graph":[{"@type":"WebPage","@id":"https:\/\/digitaladvocacycenter.com\/fr\/formation\/","url":"https:\/\/digitaladvocacycenter.com\/fr\/formation\/","name":"Formation - Campaign for Tobacco-Free Kids","isPartOf":{"@id":"https:\/\/digitaladvocacycenter.com\/fr\/#website"},"datePublished":"2015-08-29T18:18:19+00:00","dateModified":"2015-10-27T15:19:31+00:00","breadcrumb":{"@id":"https:\/\/digitaladvocacycenter.com\/fr\/formation\/#breadcrumb"},"inLanguage":"fr","potentialAction":[{"@type":"ReadAction","target":["https:\/\/digitaladvocacycenter.com\/fr\/formation\/"]}]},{"@type":"BreadcrumbList","@id":"https:\/\/digitaladvocacycenter.com\/fr\/formation\/#breadcrumb","itemListElement":[{"@type":"ListItem","position":1,"name":"Home","item":"https:\/\/digitaladvocacycenter.com\/fr\/"},{"@type":"ListItem","position":2,"name":"Formation"}]},{"@type":"WebSite","@id":"https:\/\/digitaladvocacycenter.com\/fr\/#website","url":"https:\/\/digitaladvocacycenter.com\/fr\/","name":"Campaign for Tobacco-Free Kids","description":"Digital Advocacy Center","potentialAction":[{"@type":"SearchAction","target":{"@type":"EntryPoint","urlTemplate":"https:\/\/digitaladvocacycenter.com\/fr\/?s={search_term_string}"},"query-input":{"@type":"PropertyValueSpecification","valueRequired":true,"valueName":"search_term_string"}}],"inLanguage":"fr"}]}},"toolset-meta":{"sms-fields":{"source":{"type":"textfield","raw":""},"file-upload":{"type":"url","raw":""},"pdf-fallback":{"type":"file","raw":"","attachment_id":null},"test-field":{"type":"textfield","raw":""}},"password-protection":{"password-protected":{"type":"checkbox","raw":""}},"thank-you-message":{"thank-you":{"type":"wysiwyg","raw":""}},"featured-post":{"featured-post":{"type":"checkbox","raw":""}}},"_links":{"self":[{"href":"https:\/\/digitaladvocacycenter.com\/fr\/wp-json\/wp\/v2\/pages\/10387","targetHints":{"allow":["GET"]}}],"collection":[{"href":"https:\/\/digitaladvocacycenter.com\/fr\/wp-json\/wp\/v2\/pages"}],"about":[{"href":"https:\/\/digitaladvocacycenter.com\/fr\/wp-json\/wp\/v2\/types\/page"}],"author":[{"embeddable":true,"href":"https:\/\/digitaladvocacycenter.com\/fr\/wp-json\/wp\/v2\/users\/7"}],"replies":[{"embeddable":true,"href":"https:\/\/digitaladvocacycenter.com\/fr\/wp-json\/wp\/v2\/comments?post=10387"}],"version-history":[{"count":1,"href":"https:\/\/digitaladvocacycenter.com\/fr\/wp-json\/wp\/v2\/pages\/10387\/revisions"}],"predecessor-version":[{"id":17698,"href":"https:\/\/digitaladvocacycenter.com\/fr\/wp-json\/wp\/v2\/pages\/10387\/revisions\/17698"}],"wp:attachment":[{"href":"https:\/\/digitaladvocacycenter.com\/fr\/wp-json\/wp\/v2\/media?parent=10387"}],"curies":[{"name":"wp","href":"https:\/\/api.w.org\/{rel}","templated":true}]}}