{"id":7705,"date":"2015-08-14T17:32:33","date_gmt":"2015-08-14T17:32:33","guid":{"rendered":"http:\/\/taxation.digitaladvocacycenter.com\/es\/registrese-para-recibir-actualizaciones-por-correo-electronico-del-centro-de-defensoria-digital\/"},"modified":"2015-10-20T18:51:58","modified_gmt":"2015-10-20T18:51:58","slug":"registrese-para-recibir-actualizaciones-por-correo-electronico-del-centro-de-defensoria-digital","status":"publish","type":"page","link":"https:\/\/digitaladvocacycenter.com\/es\/registrese-para-recibir-actualizaciones-por-correo-electronico-del-centro-de-defensoria-digital\/","title":{"rendered":"Reg\u00edstrese para recibir actualizaciones por correo electr\u00f3nico del Digital Advocacy Center"},"content":{"rendered":"<p>Como miembro del grupo de la Comunidad Digital para el Control del Tabaco, se conectar\u00e1 por correo electr\u00f3nico con activistas del control del tabaco en todo el mundo. El objetivo de nuestra comunidad en l\u00ednea es crear un lugar seguro para que los activistas del control del tabaco compartan sus experiencias sobre las campa\u00f1as digitales y se apoyen entre s\u00ed.<\/p>\n<p><b>El grupo <\/b><b>es <\/b><b>un recurso excelente para <\/b><b>el desarrollo de nuevas <\/b><b>ideas <\/b><b>y contar con la oportunidad <\/b><b>de <\/b><b>preguntar <\/b><b>a los compa\u00f1eros <\/b><b>que colaboran en otras campa\u00f1as <\/b><b>digitales <\/b><b>dudas o simplemente <\/b><b>compartir sus m\u00e1s recientes <\/b><b>victorias.<\/b><\/p>\n<p>Cuando se registre abajo, tambi\u00e9n recibir\u00e1 una actualizaci\u00f3n semanal por correo electr\u00f3nico del DIGITAL ADVOCACY CENTER, que incluir\u00e1 contenidos sobre control del tabaco m\u00e1s populares de Facebook y Twitter, oportunidades para recibir asistencia t\u00e9cnica y soporte adicionales, as\u00ed como informaci\u00f3n sobre capacitaci\u00f3n.<\/p>\n<p>&nbsp;<\/p>\n","protected":false},"excerpt":{"rendered":"<p>Como miembro del grupo de la Comunidad Digital para el Control del Tabaco, se conectar\u00e1 por correo electr\u00f3nico con activistas del control del tabaco en todo el mundo. El objetivo de nuestra comunidad en l\u00ednea es crear un lugar seguro para que los activistas del control del tabaco compartan sus experiencias sobre las campa\u00f1as digitales &hellip; <a href=\"https:\/\/digitaladvocacycenter.com\/es\/registrese-para-recibir-actualizaciones-por-correo-electronico-del-centro-de-defensoria-digital\/\">Continued<\/a><\/p>\n","protected":false},"author":1,"featured_media":0,"parent":0,"menu_order":0,"comment_status":"open","ping_status":"open","template":"template-signup.php","meta":{"_acf_changed":false,"inline_featured_image":false,"footnotes":""},"class_list":["post-7705","page","type-page","status-publish","hentry"],"acf":[],"yoast_head":"<!-- This site is optimized with the Yoast SEO plugin v26.7 - https:\/\/yoast.com\/wordpress\/plugins\/seo\/ -->\n<title>Reg\u00edstrese para recibir actualizaciones por correo electr\u00f3nico del Digital Advocacy Center - Campaign for Tobacco-Free Kids<\/title>\n<meta name=\"robots\" content=\"index, follow, max-snippet:-1, max-image-preview:large, max-video-preview:-1\" \/>\n<link rel=\"canonical\" href=\"https:\/\/digitaladvocacycenter.com\/es\/registrese-para-recibir-actualizaciones-por-correo-electronico-del-centro-de-defensoria-digital\/\" \/>\n<meta property=\"og:locale\" content=\"es_ES\" \/>\n<meta property=\"og:type\" content=\"article\" \/>\n<meta property=\"og:title\" content=\"Reg\u00edstrese para recibir actualizaciones por correo electr\u00f3nico del Digital Advocacy Center - Campaign for Tobacco-Free Kids\" \/>\n<meta property=\"og:description\" content=\"Como miembro del grupo de la Comunidad Digital para el Control del Tabaco, se conectar\u00e1 por correo electr\u00f3nico con activistas del control del tabaco en todo el mundo. El objetivo de nuestra comunidad en l\u00ednea es crear un lugar seguro para que los activistas del control del tabaco compartan sus experiencias sobre las campa\u00f1as digitales &hellip; Continued\" \/>\n<meta property=\"og:url\" content=\"https:\/\/digitaladvocacycenter.com\/es\/registrese-para-recibir-actualizaciones-por-correo-electronico-del-centro-de-defensoria-digital\/\" \/>\n<meta property=\"og:site_name\" content=\"Campaign for Tobacco-Free Kids\" \/>\n<meta property=\"article:modified_time\" content=\"2015-10-20T18:51:58+00:00\" \/>\n<meta name=\"twitter:card\" content=\"summary_large_image\" \/>\n<meta name=\"twitter:label1\" content=\"Est. reading time\" \/>\n\t<meta name=\"twitter:data1\" content=\"1 minute\" \/>\n<script type=\"application\/ld+json\" class=\"yoast-schema-graph\">{\"@context\":\"https:\/\/schema.org\",\"@graph\":[{\"@type\":\"WebPage\",\"@id\":\"https:\/\/digitaladvocacycenter.com\/es\/registrese-para-recibir-actualizaciones-por-correo-electronico-del-centro-de-defensoria-digital\/\",\"url\":\"https:\/\/digitaladvocacycenter.com\/es\/registrese-para-recibir-actualizaciones-por-correo-electronico-del-centro-de-defensoria-digital\/\",\"name\":\"Reg\u00edstrese para recibir actualizaciones por correo electr\u00f3nico del Digital Advocacy Center - Campaign for Tobacco-Free Kids\",\"isPartOf\":{\"@id\":\"https:\/\/digitaladvocacycenter.com\/es\/#website\"},\"datePublished\":\"2015-08-14T17:32:33+00:00\",\"dateModified\":\"2015-10-20T18:51:58+00:00\",\"breadcrumb\":{\"@id\":\"https:\/\/digitaladvocacycenter.com\/es\/registrese-para-recibir-actualizaciones-por-correo-electronico-del-centro-de-defensoria-digital\/#breadcrumb\"},\"inLanguage\":\"es\",\"potentialAction\":[{\"@type\":\"ReadAction\",\"target\":[\"https:\/\/digitaladvocacycenter.com\/es\/registrese-para-recibir-actualizaciones-por-correo-electronico-del-centro-de-defensoria-digital\/\"]}]},{\"@type\":\"BreadcrumbList\",\"@id\":\"https:\/\/digitaladvocacycenter.com\/es\/registrese-para-recibir-actualizaciones-por-correo-electronico-del-centro-de-defensoria-digital\/#breadcrumb\",\"itemListElement\":[{\"@type\":\"ListItem\",\"position\":1,\"name\":\"Home\",\"item\":\"https:\/\/digitaladvocacycenter.com\/es\/\"},{\"@type\":\"ListItem\",\"position\":2,\"name\":\"Reg\u00edstrese para recibir actualizaciones por correo electr\u00f3nico del Digital Advocacy Center\"}]},{\"@type\":\"WebSite\",\"@id\":\"https:\/\/digitaladvocacycenter.com\/es\/#website\",\"url\":\"https:\/\/digitaladvocacycenter.com\/es\/\",\"name\":\"Campaign for Tobacco-Free Kids\",\"description\":\"Digital Advocacy Center\",\"potentialAction\":[{\"@type\":\"SearchAction\",\"target\":{\"@type\":\"EntryPoint\",\"urlTemplate\":\"https:\/\/digitaladvocacycenter.com\/es\/?s={search_term_string}\"},\"query-input\":{\"@type\":\"PropertyValueSpecification\",\"valueRequired\":true,\"valueName\":\"search_term_string\"}}],\"inLanguage\":\"es\"}]}<\/script>\n<!-- \/ Yoast SEO plugin. -->","yoast_head_json":{"title":"Reg\u00edstrese para recibir actualizaciones por correo electr\u00f3nico del Digital Advocacy Center - Campaign for Tobacco-Free Kids","robots":{"index":"index","follow":"follow","max-snippet":"max-snippet:-1","max-image-preview":"max-image-preview:large","max-video-preview":"max-video-preview:-1"},"canonical":"https:\/\/digitaladvocacycenter.com\/es\/registrese-para-recibir-actualizaciones-por-correo-electronico-del-centro-de-defensoria-digital\/","og_locale":"es_ES","og_type":"article","og_title":"Reg\u00edstrese para recibir actualizaciones por correo electr\u00f3nico del Digital Advocacy Center - Campaign for Tobacco-Free Kids","og_description":"Como miembro del grupo de la Comunidad Digital para el Control del Tabaco, se conectar\u00e1 por correo electr\u00f3nico con activistas del control del tabaco en todo el mundo. El objetivo de nuestra comunidad en l\u00ednea es crear un lugar seguro para que los activistas del control del tabaco compartan sus experiencias sobre las campa\u00f1as digitales &hellip; Continued","og_url":"https:\/\/digitaladvocacycenter.com\/es\/registrese-para-recibir-actualizaciones-por-correo-electronico-del-centro-de-defensoria-digital\/","og_site_name":"Campaign for Tobacco-Free Kids","article_modified_time":"2015-10-20T18:51:58+00:00","twitter_card":"summary_large_image","twitter_misc":{"Est. reading time":"1 minute"},"schema":{"@context":"https:\/\/schema.org","@graph":[{"@type":"WebPage","@id":"https:\/\/digitaladvocacycenter.com\/es\/registrese-para-recibir-actualizaciones-por-correo-electronico-del-centro-de-defensoria-digital\/","url":"https:\/\/digitaladvocacycenter.com\/es\/registrese-para-recibir-actualizaciones-por-correo-electronico-del-centro-de-defensoria-digital\/","name":"Reg\u00edstrese para recibir actualizaciones por correo electr\u00f3nico del Digital Advocacy Center - Campaign for Tobacco-Free Kids","isPartOf":{"@id":"https:\/\/digitaladvocacycenter.com\/es\/#website"},"datePublished":"2015-08-14T17:32:33+00:00","dateModified":"2015-10-20T18:51:58+00:00","breadcrumb":{"@id":"https:\/\/digitaladvocacycenter.com\/es\/registrese-para-recibir-actualizaciones-por-correo-electronico-del-centro-de-defensoria-digital\/#breadcrumb"},"inLanguage":"es","potentialAction":[{"@type":"ReadAction","target":["https:\/\/digitaladvocacycenter.com\/es\/registrese-para-recibir-actualizaciones-por-correo-electronico-del-centro-de-defensoria-digital\/"]}]},{"@type":"BreadcrumbList","@id":"https:\/\/digitaladvocacycenter.com\/es\/registrese-para-recibir-actualizaciones-por-correo-electronico-del-centro-de-defensoria-digital\/#breadcrumb","itemListElement":[{"@type":"ListItem","position":1,"name":"Home","item":"https:\/\/digitaladvocacycenter.com\/es\/"},{"@type":"ListItem","position":2,"name":"Reg\u00edstrese para recibir actualizaciones por correo electr\u00f3nico del Digital Advocacy Center"}]},{"@type":"WebSite","@id":"https:\/\/digitaladvocacycenter.com\/es\/#website","url":"https:\/\/digitaladvocacycenter.com\/es\/","name":"Campaign for Tobacco-Free Kids","description":"Digital Advocacy Center","potentialAction":[{"@type":"SearchAction","target":{"@type":"EntryPoint","urlTemplate":"https:\/\/digitaladvocacycenter.com\/es\/?s={search_term_string}"},"query-input":{"@type":"PropertyValueSpecification","valueRequired":true,"valueName":"search_term_string"}}],"inLanguage":"es"}]}},"toolset-meta":{"sms-fields":{"source":{"type":"textfield","raw":""},"file-upload":{"type":"url","raw":""},"pdf-fallback":{"type":"file","raw":"","attachment_id":null},"test-field":{"type":"textfield","raw":""}},"password-protection":{"password-protected":{"type":"checkbox","raw":""}},"thank-you-message":{"thank-you":{"type":"wysiwyg","raw":""}},"featured-post":{"featured-post":{"type":"checkbox","raw":""}}},"_links":{"self":[{"href":"https:\/\/digitaladvocacycenter.com\/es\/wp-json\/wp\/v2\/pages\/7705","targetHints":{"allow":["GET"]}}],"collection":[{"href":"https:\/\/digitaladvocacycenter.com\/es\/wp-json\/wp\/v2\/pages"}],"about":[{"href":"https:\/\/digitaladvocacycenter.com\/es\/wp-json\/wp\/v2\/types\/page"}],"author":[{"embeddable":true,"href":"https:\/\/digitaladvocacycenter.com\/es\/wp-json\/wp\/v2\/users\/1"}],"replies":[{"embeddable":true,"href":"https:\/\/digitaladvocacycenter.com\/es\/wp-json\/wp\/v2\/comments?post=7705"}],"version-history":[{"count":1,"href":"https:\/\/digitaladvocacycenter.com\/es\/wp-json\/wp\/v2\/pages\/7705\/revisions"}],"predecessor-version":[{"id":17630,"href":"https:\/\/digitaladvocacycenter.com\/es\/wp-json\/wp\/v2\/pages\/7705\/revisions\/17630"}],"wp:attachment":[{"href":"https:\/\/digitaladvocacycenter.com\/es\/wp-json\/wp\/v2\/media?parent=7705"}],"curies":[{"name":"wp","href":"https:\/\/api.w.org\/{rel}","templated":true}]}}